{"id":709,"date":"2026-04-10T10:43:04","date_gmt":"2026-04-10T08:43:04","guid":{"rendered":"https:\/\/www.aquaparc-embrun.fr\/legal-information-and-credits\/"},"modified":"2026-05-05T13:23:50","modified_gmt":"2026-05-05T11:23:50","slug":"legal-information-and-credits","status":"publish","type":"page","link":"https:\/\/www.aquaparc-embrun.fr\/en\/legal-information-and-credits\/","title":{"rendered":"Legal information and credits"},"content":{"rendered":"\n<div class=\"wp-block-columns is-layout-flex wp-container-core-columns-is-layout-28f84493 wp-block-columns-is-layout-flex\">\n<div class=\"wp-block-column is-layout-flow wp-block-column-is-layout-flow\"><p>Ce site est la propri\u00e9t\u00e9 de : Aquaparc Embrun<\/p>\n<p>Coordonn\u00e9es :<br \/>\nLes Barthelons route de Chalvet<br \/>\n05200 Embrun, France<br \/>\nEmail : pierrick.roman@gmail.com<br \/>\nT\u00e9l\u00e9phone : 06\u00a062\u00a054\u00a080\u00a074<br \/>\nSIREN : 498 191 592<br \/>\nTVA : FR49498191592<\/p>\n<\/div>\n\n\n\n<div class=\"wp-block-column is-layout-flow wp-block-column-is-layout-flow\">\n<h2 class=\"wp-block-heading\">Responsible for editorial<\/h2>\n\n\n\n<p>Pierrick ROMAN<\/p>\n\n\n\n<h2 class=\"wp-block-heading\">Responsible for publication<\/h2>\n\n\n\n<p><\/p>\n\n\n\n<p><a href=\"tel:+33662548074\">06 62 54 80 74<\/a><\/p>\n\n\n\n<p>Confirmation by e-mail to: <a href=\"mailto:pierrick.roman@gmail.com\">pierrick.roman@gmail.com<\/a><\/p>\n\n\n\n<p><\/p>\n\n\n\n<p>Pierrick ROMAN<\/p>\n<\/div>\n<\/div>\n\n<div class=\"wp-block-group has-global-padding is-layout-constrained wp-block-group-is-layout-constrained\">\n<div class=\"wp-block-columns is-layout-flex wp-container-core-columns-is-layout-28f84493 wp-block-columns-is-layout-flex\">\n<div class=\"wp-block-column is-layout-flow wp-block-column-is-layout-flow\">\n<h2 class=\"wp-block-heading\">WebDesign<\/h2>\n\n\n\n<p>UI \/ UX Design and CSS integration were carried out by the<a title=\"Agence WebSenso - UX design webdesign\" href=\"https:\/\/www.websenso.com\/expertises\/ux-design\" target=\"_blank\" rel=\"noopener\">WebSenso agency<\/a> on the basis of elements provided (logo, graphic charter, etc.).<\/p>\n<\/div>\n\n\n\n<div class=\"wp-block-column is-layout-flow wp-block-column-is-layout-flow\">\n<h2 class=\"wp-block-heading\">Development<\/h2>\n\n\n\n<p>This web project was carried out by the<a title=\"Agence WebSenso - WordPress application development\" href=\"https:\/\/www.websenso.com\" target=\"_blank\" rel=\"noopener\">WebSenso agency<\/a> on the WordPress CMS: settings, plugin, theme, etc.<\/p>\n<\/div>\n<\/div>\n\n\n\n<div class=\"wp-block-group has-global-padding is-layout-constrained wp-block-group-is-layout-constrained\">\n<div class=\"wp-block-column is-layout-flow wp-block-column-is-layout-flow\">\n<div class=\"wp-block-columns is-layout-flex wp-container-core-columns-is-layout-28f84493 wp-block-columns-is-layout-flex\">\n<div class=\"wp-block-column is-layout-flow wp-block-column-is-layout-flow\">\n<h2 class=\"wp-block-heading\">Maintenance<\/h2>\n\n\n\n<p><a href=\"https:\/\/www.websenso.com\/expertises\/wordpress\" target=\"_blank\" rel=\"noopener\">WordPress TMA<\/a> (Third-Party Application Maintenance) is operated by the<a href=\"https:\/\/www.websenso.com\" target=\"_blank\" rel=\"noopener\">WebSenso agency<\/a>.<\/p>\n<\/div>\n\n\n\n<div class=\"wp-block-column is-layout-flow wp-block-column-is-layout-flow\">\n<h2 class=\"wp-block-heading\">Hosting<\/h2>\n\n\n\n<p>This service is physically hosted in France in an OVHCloud data center.<\/p>\n<\/div>\n<\/div>\n<\/div>\n<\/div>\n\n\n\n<h2 class=\"wp-block-heading\">Intellectual property<\/h2>\n\n\n\n<p>Our entity is the owner of the intellectual property rights or holds the rights of use on all the elements accessible on the site, in particular the texts, images, graphics, logo, etc. Before copying, adapting or quoting this content, please obtain prior written authorization. <\/p>\n\n\n\n<h2 class=\"wp-block-heading\">Hyperlinks<\/h2>\n\n\n\n<p>During your browsing, you will come across several hyperlinks to other websites. Our company is not in a position to check the content of these sites, and therefore assumes no responsibility for them. <\/p>\n\n\n\n<h2 class=\"wp-block-heading\">Cookies<\/h2>\n\n\n\n<p>Browsing this site causes small files called <a href=\"https:\/\/fr.wikipedia.org\/wiki\/Cookie_(informatique)\" target=\"_blank\" rel=\"nofollow noopener external\">cookies<\/a> to be installed on the user&#8217;s browser. They&#8217;re nice and don&#8217;t take up much space. However, refusing to install a cookie may technically block access to certain services and reduce our ability to improve the browsing experience. Below is a list of the cookies we use.   <\/p>\n\n\n\n        \n        <div class=\"table-responsive\">\n            <table class=\"table cookie-tracker-table\">\n                <thead>\n                    <tr>\n                        <th>Outil<\/th>\n                        <th>Fonctionnalit\u00e9<\/th>\n                        <th>Fichier(s)<\/th>\n                        <th>Dur\u00e9e de vie<\/th>\n                        <th>IP collect\u00e9e<\/th>\n                        <th><a href=\"https:\/\/www.eff.org\/issues\/do-not-track\" target=\"_blank\">DNT<\/a> respect\u00e9<\/th>\n                    <\/tr>\n                <\/thead>\n                <tbody>\n                    <tr>\n                        <td><strong>Ce site uniquement<\/strong> <br \/>CMS WordPress<\/td>\n                        <td>G\u00e8re les sessions utilisateur, la d\u00e9tection de JavaScript, et la persistance de la connexion.<\/td>\n                        <td>has_js<br \/>wordpress_logged_in_*<\/td>\n                        <td>Expire \u00e0 la fermeture du navigateur.<\/td>\n                        <td>-<\/td>\n                        <td>-<\/td>\n                    <\/tr>\n\n                                            <tr>\n                            <td><strong>Matomo<\/strong> <br \/>H\u00e9berg\u00e9 en France<\/td>\n                            <td>Votre navigation est mesur\u00e9e par la solution Matomo. H\u00e9berg\u00e9e sur des serveurs en France (<a href=\"https:\/\/www.websenso.com\/analytics\" target=\"_blank\">https:\/\/www.websenso.com\/analytics<\/a>), ce logiciel est configur\u00e9 avec les param\u00e8tres stricts du respect de la vie priv\u00e9.<\/td>\n                            <td> Aucun<\/td>\n                            <td>-<\/td>\n                            <td>\n                                <div style=\"color: green;\">\ud83d\ude0e R\u00e9duite<\/div>\n                                <small>IP (2 octets masqu\u00e9s)\u00a0: 216.73.xxx.xxx<\/small>\n                            <\/td>\n                            <td>\n                                -                            <\/td>\n                        <\/tr>\n                    \n                                    <\/tbody>\n            <\/table>\n        <\/div>\n\n\n\n\n\n<h2 class=\"wp-block-heading\">Personal data management<\/h2>\n\n\n\n<p>When surfing on this website, information may be collected: origin, access provider, IP address, etc. The site collects personal information for the purposes of certain services offered by this site, see above. The right of access, rectification and opposition to personal data concerning visitors can be exercised by written request to the above address.  <\/p>\n\n\n\n<h2 class=\"wp-block-heading\">Applicable law and jurisdiction<\/h2>\n\n\n\n<p>Any dispute arising in connection with the use of this site is subject to French law and in the language of Moli\u00e8re. Cocorico! <\/p>\n\n\n\n<h2 class=\"wp-block-heading\">Still here?<\/h2>\n\n\n\n<p>Congratulations! Because this page is surely the least interesting on this site \ud83d\ude09 <\/p>\n<\/div>\n","protected":false},"excerpt":{"rendered":"<p>Responsible for editorial Pierrick ROMAN Responsible for publication 06 62 54 80 74 Confirmation by e-mail to: pierrick.roman@gmail.com Pierrick ROMAN WebDesign UI \/ UX Design and CSS integration were carried out by theWebSenso agency on the basis of elements provided (logo, graphic charter, etc.). Development This web project was carried out by theWebSenso agency on [&hellip;]<\/p>\n","protected":false},"author":1,"featured_media":693,"parent":0,"menu_order":0,"comment_status":"closed","ping_status":"closed","template":"","meta":{"footnotes":""},"class_list":["post-709","page","type-page","status-publish","has-post-thumbnail","hentry"],"yoast_head":"<!-- This site is optimized with the Yoast SEO plugin v27.5 - https:\/\/yoast.com\/product\/yoast-seo-wordpress\/ -->\n<title>Legal information and credits - Aquaparc Embrun<\/title>\n<meta name=\"robots\" content=\"index, follow, max-snippet:-1, max-image-preview:large, max-video-preview:-1\" \/>\n<link rel=\"canonical\" href=\"https:\/\/www.aquaparc-embrun.fr\/en\/legal-information-and-credits\/\" \/>\n<meta property=\"og:locale\" content=\"en_US\" \/>\n<meta property=\"og:type\" content=\"article\" \/>\n<meta property=\"og:title\" content=\"Legal information and credits - Aquaparc Embrun\" \/>\n<meta property=\"og:description\" content=\"Responsible for editorial Pierrick ROMAN Responsible for publication 06 62 54 80 74 Confirmation by e-mail to: pierrick.roman@gmail.com Pierrick ROMAN WebDesign UI \/ UX Design and CSS integration were carried out by theWebSenso agency on the basis of elements provided (logo, graphic charter, etc.). Development This web project was carried out by theWebSenso agency on [&hellip;]\" \/>\n<meta property=\"og:url\" content=\"https:\/\/www.aquaparc-embrun.fr\/en\/legal-information-and-credits\/\" \/>\n<meta property=\"og:site_name\" content=\"Aquaparc Embrun\" \/>\n<meta property=\"article:modified_time\" content=\"2026-05-05T11:23:50+00:00\" \/>\n<meta property=\"og:image\" content=\"https:\/\/www.aquaparc-embrun.fr\/wp-content\/uploads\/2026\/04\/356a44e8fe555d9cd08b425bb653566abc2d14cd-scaled.jpg\" \/>\n\t<meta property=\"og:image:width\" content=\"2560\" \/>\n\t<meta property=\"og:image:height\" content=\"1708\" \/>\n\t<meta property=\"og:image:type\" content=\"image\/jpeg\" \/>\n<meta name=\"twitter:card\" content=\"summary_large_image\" \/>\n<meta name=\"twitter:label1\" content=\"Est. reading time\" \/>\n\t<meta name=\"twitter:data1\" content=\"2 minutes\" \/>\n<script type=\"application\/ld+json\" class=\"yoast-schema-graph\">{\"@context\":\"https:\\\/\\\/schema.org\",\"@graph\":[{\"@type\":\"WebPage\",\"@id\":\"https:\\\/\\\/www.aquaparc-embrun.fr\\\/en\\\/legal-information-and-credits\\\/\",\"url\":\"https:\\\/\\\/www.aquaparc-embrun.fr\\\/en\\\/legal-information-and-credits\\\/\",\"name\":\"Legal information and credits - Aquaparc Embrun\",\"isPartOf\":{\"@id\":\"https:\\\/\\\/www.aquaparc-embrun.fr\\\/en\\\/#website\"},\"primaryImageOfPage\":{\"@id\":\"https:\\\/\\\/www.aquaparc-embrun.fr\\\/en\\\/legal-information-and-credits\\\/#primaryimage\"},\"image\":{\"@id\":\"https:\\\/\\\/www.aquaparc-embrun.fr\\\/en\\\/legal-information-and-credits\\\/#primaryimage\"},\"thumbnailUrl\":\"https:\\\/\\\/www.aquaparc-embrun.fr\\\/wp-content\\\/uploads\\\/2026\\\/04\\\/356a44e8fe555d9cd08b425bb653566abc2d14cd-scaled.jpg\",\"datePublished\":\"2026-04-10T08:43:04+00:00\",\"dateModified\":\"2026-05-05T11:23:50+00:00\",\"breadcrumb\":{\"@id\":\"https:\\\/\\\/www.aquaparc-embrun.fr\\\/en\\\/legal-information-and-credits\\\/#breadcrumb\"},\"inLanguage\":\"en-US\",\"potentialAction\":[{\"@type\":\"ReadAction\",\"target\":[\"https:\\\/\\\/www.aquaparc-embrun.fr\\\/en\\\/legal-information-and-credits\\\/\"]}]},{\"@type\":\"ImageObject\",\"inLanguage\":\"en-US\",\"@id\":\"https:\\\/\\\/www.aquaparc-embrun.fr\\\/en\\\/legal-information-and-credits\\\/#primaryimage\",\"url\":\"https:\\\/\\\/www.aquaparc-embrun.fr\\\/wp-content\\\/uploads\\\/2026\\\/04\\\/356a44e8fe555d9cd08b425bb653566abc2d14cd-scaled.jpg\",\"contentUrl\":\"https:\\\/\\\/www.aquaparc-embrun.fr\\\/wp-content\\\/uploads\\\/2026\\\/04\\\/356a44e8fe555d9cd08b425bb653566abc2d14cd-scaled.jpg\",\"width\":2560,\"height\":1708},{\"@type\":\"BreadcrumbList\",\"@id\":\"https:\\\/\\\/www.aquaparc-embrun.fr\\\/en\\\/legal-information-and-credits\\\/#breadcrumb\",\"itemListElement\":[{\"@type\":\"ListItem\",\"position\":1,\"name\":\"Accueil\",\"item\":\"https:\\\/\\\/www.aquaparc-embrun.fr\\\/en\\\/\"},{\"@type\":\"ListItem\",\"position\":2,\"name\":\"Legal information and credits\"}]},{\"@type\":\"WebSite\",\"@id\":\"https:\\\/\\\/www.aquaparc-embrun.fr\\\/en\\\/#website\",\"url\":\"https:\\\/\\\/www.aquaparc-embrun.fr\\\/en\\\/\",\"name\":\"Aquaparc Embrun\",\"description\":\"\",\"publisher\":{\"@id\":\"https:\\\/\\\/www.aquaparc-embrun.fr\\\/en\\\/#organization\"},\"potentialAction\":[{\"@type\":\"SearchAction\",\"target\":{\"@type\":\"EntryPoint\",\"urlTemplate\":\"https:\\\/\\\/www.aquaparc-embrun.fr\\\/en\\\/?s={search_term_string}\"},\"query-input\":{\"@type\":\"PropertyValueSpecification\",\"valueRequired\":true,\"valueName\":\"search_term_string\"}}],\"inLanguage\":\"en-US\"},{\"@type\":\"Organization\",\"@id\":\"https:\\\/\\\/www.aquaparc-embrun.fr\\\/en\\\/#organization\",\"name\":\"Aquaparc Embrun\",\"url\":\"https:\\\/\\\/www.aquaparc-embrun.fr\\\/en\\\/\",\"logo\":{\"@type\":\"ImageObject\",\"inLanguage\":\"en-US\",\"@id\":\"https:\\\/\\\/www.aquaparc-embrun.fr\\\/en\\\/#\\\/schema\\\/logo\\\/image\\\/\",\"url\":\"https:\\\/\\\/www.aquaparc-embrun.fr\\\/wp-content\\\/uploads\\\/2026\\\/04\\\/aquaparc-logo-1.svg\",\"contentUrl\":\"https:\\\/\\\/www.aquaparc-embrun.fr\\\/wp-content\\\/uploads\\\/2026\\\/04\\\/aquaparc-logo-1.svg\",\"caption\":\"Aquaparc Embrun\"},\"image\":{\"@id\":\"https:\\\/\\\/www.aquaparc-embrun.fr\\\/en\\\/#\\\/schema\\\/logo\\\/image\\\/\"},\"aggregateRating\":{\"@type\":\"AggregateRating\",\"ratingValue\":4.6,\"reviewCount\":763,\"bestRating\":5,\"worstRating\":1}}]}<\/script>\n<!-- \/ Yoast SEO plugin. -->","yoast_head_json":{"title":"Legal information and credits - Aquaparc Embrun","robots":{"index":"index","follow":"follow","max-snippet":"max-snippet:-1","max-image-preview":"max-image-preview:large","max-video-preview":"max-video-preview:-1"},"canonical":"https:\/\/www.aquaparc-embrun.fr\/en\/legal-information-and-credits\/","og_locale":"en_US","og_type":"article","og_title":"Legal information and credits - Aquaparc Embrun","og_description":"Responsible for editorial Pierrick ROMAN Responsible for publication 06 62 54 80 74 Confirmation by e-mail to: pierrick.roman@gmail.com Pierrick ROMAN WebDesign UI \/ UX Design and CSS integration were carried out by theWebSenso agency on the basis of elements provided (logo, graphic charter, etc.). Development This web project was carried out by theWebSenso agency on [&hellip;]","og_url":"https:\/\/www.aquaparc-embrun.fr\/en\/legal-information-and-credits\/","og_site_name":"Aquaparc Embrun","article_modified_time":"2026-05-05T11:23:50+00:00","og_image":[{"width":2560,"height":1708,"url":"https:\/\/www.aquaparc-embrun.fr\/wp-content\/uploads\/2026\/04\/356a44e8fe555d9cd08b425bb653566abc2d14cd-scaled.jpg","type":"image\/jpeg"}],"twitter_card":"summary_large_image","twitter_misc":{"Est. reading time":"2 minutes"},"schema":{"@context":"https:\/\/schema.org","@graph":[{"@type":"WebPage","@id":"https:\/\/www.aquaparc-embrun.fr\/en\/legal-information-and-credits\/","url":"https:\/\/www.aquaparc-embrun.fr\/en\/legal-information-and-credits\/","name":"Legal information and credits - Aquaparc Embrun","isPartOf":{"@id":"https:\/\/www.aquaparc-embrun.fr\/en\/#website"},"primaryImageOfPage":{"@id":"https:\/\/www.aquaparc-embrun.fr\/en\/legal-information-and-credits\/#primaryimage"},"image":{"@id":"https:\/\/www.aquaparc-embrun.fr\/en\/legal-information-and-credits\/#primaryimage"},"thumbnailUrl":"https:\/\/www.aquaparc-embrun.fr\/wp-content\/uploads\/2026\/04\/356a44e8fe555d9cd08b425bb653566abc2d14cd-scaled.jpg","datePublished":"2026-04-10T08:43:04+00:00","dateModified":"2026-05-05T11:23:50+00:00","breadcrumb":{"@id":"https:\/\/www.aquaparc-embrun.fr\/en\/legal-information-and-credits\/#breadcrumb"},"inLanguage":"en-US","potentialAction":[{"@type":"ReadAction","target":["https:\/\/www.aquaparc-embrun.fr\/en\/legal-information-and-credits\/"]}]},{"@type":"ImageObject","inLanguage":"en-US","@id":"https:\/\/www.aquaparc-embrun.fr\/en\/legal-information-and-credits\/#primaryimage","url":"https:\/\/www.aquaparc-embrun.fr\/wp-content\/uploads\/2026\/04\/356a44e8fe555d9cd08b425bb653566abc2d14cd-scaled.jpg","contentUrl":"https:\/\/www.aquaparc-embrun.fr\/wp-content\/uploads\/2026\/04\/356a44e8fe555d9cd08b425bb653566abc2d14cd-scaled.jpg","width":2560,"height":1708},{"@type":"BreadcrumbList","@id":"https:\/\/www.aquaparc-embrun.fr\/en\/legal-information-and-credits\/#breadcrumb","itemListElement":[{"@type":"ListItem","position":1,"name":"Accueil","item":"https:\/\/www.aquaparc-embrun.fr\/en\/"},{"@type":"ListItem","position":2,"name":"Legal information and credits"}]},{"@type":"WebSite","@id":"https:\/\/www.aquaparc-embrun.fr\/en\/#website","url":"https:\/\/www.aquaparc-embrun.fr\/en\/","name":"Aquaparc Embrun","description":"","publisher":{"@id":"https:\/\/www.aquaparc-embrun.fr\/en\/#organization"},"potentialAction":[{"@type":"SearchAction","target":{"@type":"EntryPoint","urlTemplate":"https:\/\/www.aquaparc-embrun.fr\/en\/?s={search_term_string}"},"query-input":{"@type":"PropertyValueSpecification","valueRequired":true,"valueName":"search_term_string"}}],"inLanguage":"en-US"},{"@type":"Organization","@id":"https:\/\/www.aquaparc-embrun.fr\/en\/#organization","name":"Aquaparc Embrun","url":"https:\/\/www.aquaparc-embrun.fr\/en\/","logo":{"@type":"ImageObject","inLanguage":"en-US","@id":"https:\/\/www.aquaparc-embrun.fr\/en\/#\/schema\/logo\/image\/","url":"https:\/\/www.aquaparc-embrun.fr\/wp-content\/uploads\/2026\/04\/aquaparc-logo-1.svg","contentUrl":"https:\/\/www.aquaparc-embrun.fr\/wp-content\/uploads\/2026\/04\/aquaparc-logo-1.svg","caption":"Aquaparc Embrun"},"image":{"@id":"https:\/\/www.aquaparc-embrun.fr\/en\/#\/schema\/logo\/image\/"},"aggregateRating":{"@type":"AggregateRating","ratingValue":4.6,"reviewCount":763,"bestRating":5,"worstRating":1}}]}},"_links":{"self":[{"href":"https:\/\/www.aquaparc-embrun.fr\/en\/wp-json\/wp\/v2\/pages\/709","targetHints":{"allow":["GET"]}}],"collection":[{"href":"https:\/\/www.aquaparc-embrun.fr\/en\/wp-json\/wp\/v2\/pages"}],"about":[{"href":"https:\/\/www.aquaparc-embrun.fr\/en\/wp-json\/wp\/v2\/types\/page"}],"author":[{"embeddable":true,"href":"https:\/\/www.aquaparc-embrun.fr\/en\/wp-json\/wp\/v2\/users\/1"}],"replies":[{"embeddable":true,"href":"https:\/\/www.aquaparc-embrun.fr\/en\/wp-json\/wp\/v2\/comments?post=709"}],"version-history":[{"count":1,"href":"https:\/\/www.aquaparc-embrun.fr\/en\/wp-json\/wp\/v2\/pages\/709\/revisions"}],"predecessor-version":[{"id":711,"href":"https:\/\/www.aquaparc-embrun.fr\/en\/wp-json\/wp\/v2\/pages\/709\/revisions\/711"}],"wp:featuredmedia":[{"embeddable":true,"href":"https:\/\/www.aquaparc-embrun.fr\/en\/wp-json\/wp\/v2\/media\/693"}],"wp:attachment":[{"href":"https:\/\/www.aquaparc-embrun.fr\/en\/wp-json\/wp\/v2\/media?parent=709"}],"curies":[{"name":"wp","href":"https:\/\/api.w.org\/{rel}","templated":true}]}}