{"id":698,"date":"2026-04-07T15:34:35","date_gmt":"2026-04-07T13:34:35","guid":{"rendered":"https:\/\/www.aquaparc-embrun.fr\/rates\/"},"modified":"2026-05-05T13:25:12","modified_gmt":"2026-05-05T11:25:12","slug":"rates","status":"publish","type":"page","link":"https:\/\/www.aquaparc-embrun.fr\/en\/rates\/","title":{"rendered":"Rates"},"content":{"rendered":"\n<p>Just passing through for an hour, or on vacation in the Hautes-Alpes for the whole summer? We have a package to suit every taste and budget. Book online to guarantee your place.  <\/p>\n\n<ul class=\"wp-block-list is-style-list-exclamation is-style-list-exclamation--1\">\n<li>*An accompanying adult is required for children aged 6 to 8 inclusive.<\/li>\n\n\n\n<li>Safety briefing in French and English before entering the park.<\/li>\n<\/ul>\n\n<div class=\"wp-block-group is-style-background-orange has-global-padding is-layout-constrained wp-block-group-is-layout-constrained is-style-background-orange--2\">\n<h4 class=\"wp-block-heading has-text-align-center\">Online booking is highly recommended, especially in July and August when the park is regularly fully booked.<\/h4>\n\n\n\n<div class=\"wp-block-buttons is-content-justification-center is-layout-flex wp-container-core-buttons-is-layout-a89b3969 wp-block-buttons-is-layout-flex\">\n<div class=\"wp-block-button\"><a class=\"wp-block-button__link wp-element-button\" href=\"https:\/\/aquaparc-embrun.qweekle.com\/shop\/aquapark-embrun?lang=fr\">Book online<\/a><\/div>\n<\/div>\n<\/div>\n\n<h2 class=\"wp-block-heading has-text-align-center\">2026 rates<\/h2>\n\n<section class=\"wp-block-ws-library-ws-tarifs ws-tarifs\"><div class=\"group-list-items\">\n<div class=\"wp-block-ws-library-ws-tarifs-item ws-tarifs-item ws-tarifs-item--bi-color\"><div class=\"field-badge\">\u00c0 l&#8217;heure<\/div><div class=\"group-inner\"><div class=\"group-primary\"><div class=\"field-introduction\">Tarifs pour les 9 ans et +<\/div><div class=\"group-offer\"><div class=\"group-content\"><div class=\"field-name\">Express 1h<\/div><div class=\"field-description\">100% \u00e9nergisant<\/div><div class=\"field-tag\">Sortie d\u00e9finitive<\/div><\/div><div class=\"group-pricing\"><span class=\"field-price\">16\u20ac<\/span><span class=\"field-price-suffix\">\/pers.<\/span><\/div><\/div><div class=\"group-offer favorite\"><div class=\"group-content\"><div class=\"field-name\">Classico 1h30<\/div><div class=\"field-description\">Le favori : plaisir garanti !<\/div><div class=\"field-tag\">Sortie d\u00e9finitive<\/div><\/div><div class=\"group-pricing\"><span class=\"field-price\">20\u20ac<\/span><span class=\"field-price-suffix\">\/pers.<\/span><\/div><\/div><div class=\"group-offer\"><div class=\"group-content\"><div class=\"field-name\">Relax 2h<\/div><div class=\"field-description\">Profiter sans se presser<\/div><div class=\"field-tag\">Cons\u00e9cutif ou fractionn\u00e9<\/div><\/div><div class=\"group-pricing\"><span class=\"field-price\">25\u20ac<\/span><span class=\"field-price-suffix\">\/pers.<\/span><\/div><\/div><\/div><div class=\"group-secondary\"><div class=\"field-introduction\">Tarifs enfant de 6 \u00e0 8 ans* :<\/div><div class=\"group-offer\"><div class=\"group-content\"><div class=\"field-name\">Kid 6-8 ans<\/div><div class=\"field-description\">sur la formule choisie par l\u2019adulte accompagnateur<\/div><\/div><div class=\"group-pricing\"><span class=\"field-price\">15\u20ac<\/span><span class=\"field-price-suffix\">\/pers.<\/span><\/div><\/div><\/div><\/div><\/div>\n\n\n\n<div class=\"wp-block-ws-library-ws-tarifs-item ws-tarifs-item ws-tarifs-item--bi-color\"><div class=\"field-badge\">1\/2 journ\u00e9e &amp; Journ\u00e9e<\/div><div class=\"group-inner\"><div class=\"group-primary\"><div class=\"field-introduction\">Tarifs pour les 9 ans et +<\/div><div class=\"group-offer\"><div class=\"group-content\"><div class=\"field-name\">Matin<\/div><div class=\"field-tag\">Acc\u00e8s de 10h \u00e0 13h en illimit\u00e9<\/div><\/div><div class=\"group-pricing\"><span class=\"field-price\">25\u20ac<\/span><span class=\"field-price-suffix\">\/pers.<\/span><\/div><\/div><div class=\"group-offer\"><div class=\"group-content\"><div class=\"field-name\">Apr\u00e8s-midi<\/div><div class=\"field-tag\">Acc\u00e8s de 13h30 \u00e0 19h en illimit\u00e9<\/div><\/div><div class=\"group-pricing\"><span class=\"field-price\">35\u20ac<\/span><span class=\"field-price-suffix\">\/pers.<\/span><\/div><\/div><div class=\"group-offer\"><div class=\"group-content\"><div class=\"field-name\">Journ\u00e9e<\/div><div class=\"field-tag\">Acc\u00e8s de 10h \u00e0 19h en illimit\u00e9<\/div><\/div><div class=\"group-pricing\"><span class=\"field-price\">40\u20ac<\/span><span class=\"field-price-suffix\">\/pers.<\/span><\/div><\/div><\/div><div class=\"group-secondary\"><div class=\"field-introduction\">Tarifs enfant de 6 \u00e0 8 ans* :<\/div><div class=\"group-offer\"><div class=\"group-content\"><div class=\"field-name\">Kid 6-8 ans<\/div><div class=\"field-description\">sur la formule choisie par l\u2019adulte accompagnateur<\/div><\/div><div class=\"group-pricing\"><span class=\"field-price\">15\u20ac<\/span><span class=\"field-price-suffix\">\/pers.<\/span><\/div><\/div><\/div><\/div><\/div>\n\n\n\n<div class=\"wp-block-ws-library-ws-tarifs-item ws-tarifs-item ws-tarifs-item--yellow\"><div class=\"field-badge\">Multi-entr\u00e9es &amp; Pass<\/div><div class=\"group-inner\"><div class=\"group-primary\"><div class=\"field-introduction\">Parfait pour les familles et les groupes ou si vous \u00eates en vacances plusieurs semaines.<\/div><div class=\"group-offer\"><div class=\"group-content\"><div class=\"field-name\">5 entr\u00e9es<\/div><div class=\"field-tag\">5 s\u00e9ances de 1h &#8211; Non nominatif<\/div><\/div><div class=\"group-pricing\"><span class=\"field-price\">72\u20ac<\/span><\/div><\/div><div class=\"group-offer\"><div class=\"group-content\"><div class=\"field-name\">10 entr\u00e9es<\/div><div class=\"field-tag\">10 s\u00e9ances de 1h &#8211; Non nominatif<\/div><\/div><div class=\"group-pricing\"><span class=\"field-price\">136\u20ac<\/span><\/div><\/div><div class=\"group-offer\"><div class=\"group-content\"><div class=\"field-name\">Pass Semaine<\/div><div class=\"field-tag\">Acc\u00e8s illimit\u00e9 &#8211; Nominatif<\/div><\/div><div class=\"group-pricing\"><span class=\"field-price\">100\u20ac<\/span><span class=\"field-price-suffix\">\/pers.<\/span><\/div><\/div><div class=\"group-offer\"><div class=\"group-content\"><div class=\"field-name\">Pass Mois<\/div><div class=\"field-tag\">Acc\u00e8s illimit\u00e9 &#8211; Nominatif<\/div><\/div><div class=\"group-pricing\"><span class=\"field-price\">190\u20ac<\/span><span class=\"field-price-suffix\">\/pers.<\/span><\/div><\/div><div class=\"group-offer\"><div class=\"group-content\"><div class=\"field-name\">Pass Saison<\/div><div class=\"field-tag\">Acc\u00e8s illimit\u00e9 &#8211; Nominatif<\/div><\/div><div class=\"group-pricing\"><span class=\"field-price\">250\u20ac<\/span><span class=\"field-price-suffix\">\/pers.<\/span><\/div><\/div><\/div><\/div><\/div>\n<\/div><\/section>\n\n<div style=\"height:50px\" aria-hidden=\"true\" class=\"wp-block-spacer\"><\/div>\n\n<h3 class=\"wp-block-heading has-text-align-center\">Options<\/h3>\n\n<section class=\"wp-block-ws-library-ws-tarifs ws-tarifs\"><div class=\"group-list-items\">\n<div class=\"wp-block-ws-library-ws-tarifs-item ws-tarifs-item ws-tarifs-item--yellow\"><div class=\"group-inner\"><div class=\"group-primary\"><div class=\"group-offer\"><div class=\"group-content\"><div class=\"field-name\">Shorty N\u00e9opr\u00e8ne<\/div><div class=\"field-tag\">Recommand\u00e9 pour les enfants<\/div><\/div><div class=\"group-pricing\"><span class=\"field-price\">2\u20ac<\/span><\/div><\/div><\/div><\/div><\/div>\n\n\n\n<div class=\"wp-block-ws-library-ws-tarifs-item ws-tarifs-item ws-tarifs-item--yellow\"><div class=\"group-inner\"><div class=\"group-primary\"><div class=\"group-offer\"><div class=\"group-content\"><div class=\"field-name\">Chaussettes anti-glisse<\/div><div class=\"field-tag\">Pour faciliter vos d\u00e9placements<\/div><\/div><div class=\"group-pricing\"><span class=\"field-price\">2\u20ac<\/span><\/div><\/div><\/div><\/div><\/div>\n\n\n\n<div class=\"wp-block-ws-library-ws-tarifs-item ws-tarifs-item ws-tarifs-item--yellow\"><div class=\"group-inner\"><div class=\"group-primary\"><div class=\"group-offer\"><div class=\"group-content\"><div class=\"field-name\">Transat<\/div><\/div><div class=\"group-pricing\"><span class=\"field-price\">2\u20ac\/h<\/span><\/div><\/div><\/div><\/div><\/div>\n\n\n\n<div class=\"wp-block-ws-library-ws-tarifs-item ws-tarifs-item ws-tarifs-item--yellow\"><div class=\"group-inner\"><div class=\"group-primary\"><div class=\"group-offer\"><div class=\"group-content\"><div class=\"field-name\">Casier \/ Consigne<\/div><\/div><div class=\"group-pricing\"><span class=\"field-price\">1\u20ac<\/span><\/div><\/div><\/div><\/div><\/div>\n<\/div><\/section>\n\n<div class=\"wp-block-group alignwide is-style-background-vert has-global-padding is-layout-constrained wp-block-group-is-layout-constrained is-style-background-vert--3\">\n<h2 class=\"wp-block-heading\">Payment methods accepted on site<\/h2>\n\n\n\n<ul class=\"wp-block-list is-style-list-check is-style-list-check--4\">\n<li>Credit card<\/li>\n\n\n\n<li>Species<\/li>\n\n\n\n<li>Check<\/li>\n\n\n\n<li>ANCV vacation vouchers<\/li>\n<\/ul>\n\n\n\n<p><\/p>\n<\/div>\n\n<div class=\"wp-block-ws-library-ws-banner alignfull\"><div class=\"wrapper\"><div class=\"group-media\"><img loading=\"lazy\" decoding=\"async\" width=\"1920\" height=\"480\" src=\"https:\/\/www.aquaparc-embrun.fr\/wp-content\/uploads\/2026\/04\/dsc07471-1920x480.jpg\" alt=\"\" class=\"single_image wp-image-606\"><\/div>\n<div class=\"group-content\"><h3 class=\"wp-block-heading\">Are you a group?<\/h3><p>Preferential rates are available for groups of 10 or more.  <br>Find all the information on our page dedicated to groups and events.<\/p><div class=\"wp-block-buttons is-layout-flex wp-block-buttons-is-layout-flex\">\n<div class=\"wp-block-button is-style-button-fleche is-style-button-fleche--5\"><a class=\"wp-block-button__link wp-element-button\" href=\"https:\/\/www.aquaparc-embrun.fr\/en\/groups-and-events\/\">Groups and events<\/a><\/div>\n<\/div><\/div>\n\n\n\n\n\n\n\n\n<\/div><\/div>\n","protected":false},"excerpt":{"rendered":"<p>Just passing through for an hour, or on vacation in the Hautes-Alpes for the whole summer? We have a package to suit every taste and budget. Book online to guarantee your place. Online booking is highly recommended, especially in July and August when the park is regularly fully booked. 2026 rates Options Payment methods accepted [&hellip;]<\/p>\n","protected":false},"author":1,"featured_media":701,"parent":0,"menu_order":0,"comment_status":"closed","ping_status":"closed","template":"","meta":{"footnotes":""},"class_list":["post-698","page","type-page","status-publish","has-post-thumbnail","hentry"],"yoast_head":"<!-- This site is optimized with the Yoast SEO plugin v27.5 - https:\/\/yoast.com\/product\/yoast-seo-wordpress\/ -->\n<title>Rates - Aquaparc Embrun<\/title>\n<meta name=\"description\" content=\"Check out the 2026 rates for Aquaparc Embrun: hourly, half-day and full-day sessions, multi-entry cards and Season Passes. Book online. Hautes-Alpes (05).\" \/>\n<meta name=\"robots\" content=\"index, follow, max-snippet:-1, max-image-preview:large, max-video-preview:-1\" \/>\n<link rel=\"canonical\" href=\"https:\/\/www.aquaparc-embrun.fr\/en\/rates\/\" \/>\n<meta property=\"og:locale\" content=\"en_US\" \/>\n<meta property=\"og:type\" content=\"article\" \/>\n<meta property=\"og:title\" content=\"Rates - Aquaparc Embrun\" \/>\n<meta property=\"og:description\" content=\"Check out the 2026 rates for Aquaparc Embrun: hourly, half-day and full-day sessions, multi-entry cards and Season Passes. Book online. Hautes-Alpes (05).\" \/>\n<meta property=\"og:url\" content=\"https:\/\/www.aquaparc-embrun.fr\/en\/rates\/\" \/>\n<meta property=\"og:site_name\" content=\"Aquaparc Embrun\" \/>\n<meta property=\"article:modified_time\" content=\"2026-05-05T11:25:12+00:00\" \/>\n<meta property=\"og:image\" content=\"https:\/\/www.aquaparc-embrun.fr\/wp-content\/uploads\/2026\/04\/6dba9595f309ae4f450ca63f762b4948664e1a0c.jpg\" \/>\n\t<meta property=\"og:image:width\" content=\"1200\" \/>\n\t<meta property=\"og:image:height\" content=\"800\" \/>\n\t<meta property=\"og:image:type\" content=\"image\/jpeg\" \/>\n<meta name=\"twitter:card\" content=\"summary_large_image\" \/>\n<meta name=\"twitter:label1\" content=\"Est. reading time\" \/>\n\t<meta name=\"twitter:data1\" content=\"1 minute\" \/>\n<script type=\"application\/ld+json\" class=\"yoast-schema-graph\">{\"@context\":\"https:\\\/\\\/schema.org\",\"@graph\":[{\"@type\":\"WebPage\",\"@id\":\"https:\\\/\\\/www.aquaparc-embrun.fr\\\/en\\\/rates\\\/\",\"url\":\"https:\\\/\\\/www.aquaparc-embrun.fr\\\/en\\\/rates\\\/\",\"name\":\"Rates - Aquaparc Embrun\",\"isPartOf\":{\"@id\":\"https:\\\/\\\/www.aquaparc-embrun.fr\\\/en\\\/#website\"},\"primaryImageOfPage\":{\"@id\":\"https:\\\/\\\/www.aquaparc-embrun.fr\\\/en\\\/rates\\\/#primaryimage\"},\"image\":{\"@id\":\"https:\\\/\\\/www.aquaparc-embrun.fr\\\/en\\\/rates\\\/#primaryimage\"},\"thumbnailUrl\":\"https:\\\/\\\/www.aquaparc-embrun.fr\\\/wp-content\\\/uploads\\\/2026\\\/04\\\/6dba9595f309ae4f450ca63f762b4948664e1a0c.jpg\",\"datePublished\":\"2026-04-07T13:34:35+00:00\",\"dateModified\":\"2026-05-05T11:25:12+00:00\",\"description\":\"Check out the 2026 rates for Aquaparc Embrun: hourly, half-day and full-day sessions, multi-entry cards and Season Passes. Book online. Hautes-Alpes (05).\",\"breadcrumb\":{\"@id\":\"https:\\\/\\\/www.aquaparc-embrun.fr\\\/en\\\/rates\\\/#breadcrumb\"},\"inLanguage\":\"en-US\",\"potentialAction\":[{\"@type\":\"ReadAction\",\"target\":[\"https:\\\/\\\/www.aquaparc-embrun.fr\\\/en\\\/rates\\\/\"]}]},{\"@type\":\"ImageObject\",\"inLanguage\":\"en-US\",\"@id\":\"https:\\\/\\\/www.aquaparc-embrun.fr\\\/en\\\/rates\\\/#primaryimage\",\"url\":\"https:\\\/\\\/www.aquaparc-embrun.fr\\\/wp-content\\\/uploads\\\/2026\\\/04\\\/6dba9595f309ae4f450ca63f762b4948664e1a0c.jpg\",\"contentUrl\":\"https:\\\/\\\/www.aquaparc-embrun.fr\\\/wp-content\\\/uploads\\\/2026\\\/04\\\/6dba9595f309ae4f450ca63f762b4948664e1a0c.jpg\",\"width\":1200,\"height\":800},{\"@type\":\"BreadcrumbList\",\"@id\":\"https:\\\/\\\/www.aquaparc-embrun.fr\\\/en\\\/rates\\\/#breadcrumb\",\"itemListElement\":[{\"@type\":\"ListItem\",\"position\":1,\"name\":\"Accueil\",\"item\":\"https:\\\/\\\/www.aquaparc-embrun.fr\\\/en\\\/\"},{\"@type\":\"ListItem\",\"position\":2,\"name\":\"Rates\"}]},{\"@type\":\"WebSite\",\"@id\":\"https:\\\/\\\/www.aquaparc-embrun.fr\\\/en\\\/#website\",\"url\":\"https:\\\/\\\/www.aquaparc-embrun.fr\\\/en\\\/\",\"name\":\"Aquaparc Embrun\",\"description\":\"\",\"publisher\":{\"@id\":\"https:\\\/\\\/www.aquaparc-embrun.fr\\\/en\\\/#organization\"},\"potentialAction\":[{\"@type\":\"SearchAction\",\"target\":{\"@type\":\"EntryPoint\",\"urlTemplate\":\"https:\\\/\\\/www.aquaparc-embrun.fr\\\/en\\\/?s={search_term_string}\"},\"query-input\":{\"@type\":\"PropertyValueSpecification\",\"valueRequired\":true,\"valueName\":\"search_term_string\"}}],\"inLanguage\":\"en-US\"},{\"@type\":\"Organization\",\"@id\":\"https:\\\/\\\/www.aquaparc-embrun.fr\\\/en\\\/#organization\",\"name\":\"Aquaparc Embrun\",\"url\":\"https:\\\/\\\/www.aquaparc-embrun.fr\\\/en\\\/\",\"logo\":{\"@type\":\"ImageObject\",\"inLanguage\":\"en-US\",\"@id\":\"https:\\\/\\\/www.aquaparc-embrun.fr\\\/en\\\/#\\\/schema\\\/logo\\\/image\\\/\",\"url\":\"https:\\\/\\\/www.aquaparc-embrun.fr\\\/wp-content\\\/uploads\\\/2026\\\/04\\\/aquaparc-logo-1.svg\",\"contentUrl\":\"https:\\\/\\\/www.aquaparc-embrun.fr\\\/wp-content\\\/uploads\\\/2026\\\/04\\\/aquaparc-logo-1.svg\",\"caption\":\"Aquaparc Embrun\"},\"image\":{\"@id\":\"https:\\\/\\\/www.aquaparc-embrun.fr\\\/en\\\/#\\\/schema\\\/logo\\\/image\\\/\"},\"aggregateRating\":{\"@type\":\"AggregateRating\",\"ratingValue\":4.6,\"reviewCount\":763,\"bestRating\":5,\"worstRating\":1}}]}<\/script>\n<!-- \/ Yoast SEO plugin. -->","yoast_head_json":{"title":"Rates - Aquaparc Embrun","description":"Check out the 2026 rates for Aquaparc Embrun: hourly, half-day and full-day sessions, multi-entry cards and Season Passes. Book online. Hautes-Alpes (05).","robots":{"index":"index","follow":"follow","max-snippet":"max-snippet:-1","max-image-preview":"max-image-preview:large","max-video-preview":"max-video-preview:-1"},"canonical":"https:\/\/www.aquaparc-embrun.fr\/en\/rates\/","og_locale":"en_US","og_type":"article","og_title":"Rates - Aquaparc Embrun","og_description":"Check out the 2026 rates for Aquaparc Embrun: hourly, half-day and full-day sessions, multi-entry cards and Season Passes. Book online. Hautes-Alpes (05).","og_url":"https:\/\/www.aquaparc-embrun.fr\/en\/rates\/","og_site_name":"Aquaparc Embrun","article_modified_time":"2026-05-05T11:25:12+00:00","og_image":[{"width":1200,"height":800,"url":"https:\/\/www.aquaparc-embrun.fr\/wp-content\/uploads\/2026\/04\/6dba9595f309ae4f450ca63f762b4948664e1a0c.jpg","type":"image\/jpeg"}],"twitter_card":"summary_large_image","twitter_misc":{"Est. reading time":"1 minute"},"schema":{"@context":"https:\/\/schema.org","@graph":[{"@type":"WebPage","@id":"https:\/\/www.aquaparc-embrun.fr\/en\/rates\/","url":"https:\/\/www.aquaparc-embrun.fr\/en\/rates\/","name":"Rates - Aquaparc Embrun","isPartOf":{"@id":"https:\/\/www.aquaparc-embrun.fr\/en\/#website"},"primaryImageOfPage":{"@id":"https:\/\/www.aquaparc-embrun.fr\/en\/rates\/#primaryimage"},"image":{"@id":"https:\/\/www.aquaparc-embrun.fr\/en\/rates\/#primaryimage"},"thumbnailUrl":"https:\/\/www.aquaparc-embrun.fr\/wp-content\/uploads\/2026\/04\/6dba9595f309ae4f450ca63f762b4948664e1a0c.jpg","datePublished":"2026-04-07T13:34:35+00:00","dateModified":"2026-05-05T11:25:12+00:00","description":"Check out the 2026 rates for Aquaparc Embrun: hourly, half-day and full-day sessions, multi-entry cards and Season Passes. Book online. Hautes-Alpes (05).","breadcrumb":{"@id":"https:\/\/www.aquaparc-embrun.fr\/en\/rates\/#breadcrumb"},"inLanguage":"en-US","potentialAction":[{"@type":"ReadAction","target":["https:\/\/www.aquaparc-embrun.fr\/en\/rates\/"]}]},{"@type":"ImageObject","inLanguage":"en-US","@id":"https:\/\/www.aquaparc-embrun.fr\/en\/rates\/#primaryimage","url":"https:\/\/www.aquaparc-embrun.fr\/wp-content\/uploads\/2026\/04\/6dba9595f309ae4f450ca63f762b4948664e1a0c.jpg","contentUrl":"https:\/\/www.aquaparc-embrun.fr\/wp-content\/uploads\/2026\/04\/6dba9595f309ae4f450ca63f762b4948664e1a0c.jpg","width":1200,"height":800},{"@type":"BreadcrumbList","@id":"https:\/\/www.aquaparc-embrun.fr\/en\/rates\/#breadcrumb","itemListElement":[{"@type":"ListItem","position":1,"name":"Accueil","item":"https:\/\/www.aquaparc-embrun.fr\/en\/"},{"@type":"ListItem","position":2,"name":"Rates"}]},{"@type":"WebSite","@id":"https:\/\/www.aquaparc-embrun.fr\/en\/#website","url":"https:\/\/www.aquaparc-embrun.fr\/en\/","name":"Aquaparc Embrun","description":"","publisher":{"@id":"https:\/\/www.aquaparc-embrun.fr\/en\/#organization"},"potentialAction":[{"@type":"SearchAction","target":{"@type":"EntryPoint","urlTemplate":"https:\/\/www.aquaparc-embrun.fr\/en\/?s={search_term_string}"},"query-input":{"@type":"PropertyValueSpecification","valueRequired":true,"valueName":"search_term_string"}}],"inLanguage":"en-US"},{"@type":"Organization","@id":"https:\/\/www.aquaparc-embrun.fr\/en\/#organization","name":"Aquaparc Embrun","url":"https:\/\/www.aquaparc-embrun.fr\/en\/","logo":{"@type":"ImageObject","inLanguage":"en-US","@id":"https:\/\/www.aquaparc-embrun.fr\/en\/#\/schema\/logo\/image\/","url":"https:\/\/www.aquaparc-embrun.fr\/wp-content\/uploads\/2026\/04\/aquaparc-logo-1.svg","contentUrl":"https:\/\/www.aquaparc-embrun.fr\/wp-content\/uploads\/2026\/04\/aquaparc-logo-1.svg","caption":"Aquaparc Embrun"},"image":{"@id":"https:\/\/www.aquaparc-embrun.fr\/en\/#\/schema\/logo\/image\/"},"aggregateRating":{"@type":"AggregateRating","ratingValue":4.6,"reviewCount":763,"bestRating":5,"worstRating":1}}]}},"_links":{"self":[{"href":"https:\/\/www.aquaparc-embrun.fr\/en\/wp-json\/wp\/v2\/pages\/698","targetHints":{"allow":["GET"]}}],"collection":[{"href":"https:\/\/www.aquaparc-embrun.fr\/en\/wp-json\/wp\/v2\/pages"}],"about":[{"href":"https:\/\/www.aquaparc-embrun.fr\/en\/wp-json\/wp\/v2\/types\/page"}],"author":[{"embeddable":true,"href":"https:\/\/www.aquaparc-embrun.fr\/en\/wp-json\/wp\/v2\/users\/1"}],"replies":[{"embeddable":true,"href":"https:\/\/www.aquaparc-embrun.fr\/en\/wp-json\/wp\/v2\/comments?post=698"}],"version-history":[{"count":4,"href":"https:\/\/www.aquaparc-embrun.fr\/en\/wp-json\/wp\/v2\/pages\/698\/revisions"}],"predecessor-version":[{"id":757,"href":"https:\/\/www.aquaparc-embrun.fr\/en\/wp-json\/wp\/v2\/pages\/698\/revisions\/757"}],"wp:featuredmedia":[{"embeddable":true,"href":"https:\/\/www.aquaparc-embrun.fr\/en\/wp-json\/wp\/v2\/media\/701"}],"wp:attachment":[{"href":"https:\/\/www.aquaparc-embrun.fr\/en\/wp-json\/wp\/v2\/media?parent=698"}],"curies":[{"name":"wp","href":"https:\/\/api.w.org\/{rel}","templated":true}]}}